{"id":305,"date":"2020-06-06T14:54:55","date_gmt":"2020-06-06T12:54:55","guid":{"rendered":"http:\/\/centrumstomatologiczne.atudent.pl\/?page_id=305"},"modified":"2021-01-03T16:53:38","modified_gmt":"2021-01-03T15:53:38","slug":"leczenie-endodontyczne","status":"publish","type":"page","link":"http:\/\/centrumstomatologiczne.atudent.pl\/index.php\/leczenie-endodontyczne\/","title":{"rendered":"Leczenie endodontyczne"},"content":{"rendered":"\t\t<div data-elementor-type=\"wp-page\" data-elementor-id=\"305\" class=\"elementor elementor-305\">\n\t\t\t\t\t\t<section class=\"elementor-section elementor-top-section elementor-element elementor-element-7408629 elementor-section-boxed elementor-section-height-default elementor-section-height-default\" data-id=\"7408629\" data-element_type=\"section\">\n\t\t\t\t\t\t<div class=\"elementor-container elementor-column-gap-default\">\n\t\t\t\t\t<div class=\"elementor-column elementor-col-100 elementor-top-column elementor-element elementor-element-11aa533\" data-id=\"11aa533\" data-element_type=\"column\">\n\t\t\t<div class=\"elementor-widget-wrap elementor-element-populated\">\n\t\t\t\t\t\t<div class=\"elementor-element elementor-element-8dceeea elementor-widget elementor-widget-image\" data-id=\"8dceeea\" data-element_type=\"widget\" data-widget_type=\"image.default\">\n\t\t\t\t<div class=\"elementor-widget-container\">\n\t\t\t\t\t\t\t\t\t\t\t\t\t<img decoding=\"async\" src=\"http:\/\/centrumstomatologiczne.atudent.pl\/wp-content\/uploads\/elementor\/thumbs\/Dental-Tooth-Dentist-Dentistry-17-qjukuqasc32pnhom6xkhysrxfwnfxhoaixnm2n6bdu.png\" title=\"Dental&#8212;Tooth&#8212;Dentist&#8212;Dentistry-17\" alt=\"Dental---Tooth---Dentist---Dentistry-17\" loading=\"lazy\" \/>\t\t\t\t\t\t\t\t\t\t\t\t\t<\/div>\n\t\t\t\t<\/div>\n\t\t\t\t<div class=\"elementor-element elementor-element-0b1f925 elementor-widget elementor-widget-heading\" data-id=\"0b1f925\" data-element_type=\"widget\" data-widget_type=\"heading.default\">\n\t\t\t\t<div class=\"elementor-widget-container\">\n\t\t\t<h1 class=\"elementor-heading-title elementor-size-default\">Leczenie endodontyczne<\/h1>\t\t<\/div>\n\t\t\t\t<\/div>\n\t\t\t\t<div class=\"elementor-element elementor-element-40d2918 elementor-widget elementor-widget-text-editor\" data-id=\"40d2918\" data-element_type=\"widget\" data-widget_type=\"text-editor.default\">\n\t\t\t\t<div class=\"elementor-widget-container\">\n\t\t\t\t\t\t\t<p>Leczenie endodontyczne jest konieczne w sytuacji kiedy nerwy i naczynia miazgi z\u0119ba zosta\u0142y zainfekowane bakteriami pr\u00f3chnicy, kt\u00f3re doprowadz\u0105\u00a0 do procesu nieodwracalnego zapalenia tkanek.<\/p><p>Jednym z pierwszych objaw\u00f3w <img decoding=\"async\" class=\" wp-image-610 alignleft\" src=\"http:\/\/centrumstomatologiczne.atudent.pl\/wp-content\/uploads\/2020\/11\/Dental-Tooth-Dentist-Dentistry-44-1-300x300.png\" alt=\"\" width=\"156\" height=\"156\" srcset=\"http:\/\/centrumstomatologiczne.atudent.pl\/wp-content\/uploads\/2020\/11\/Dental-Tooth-Dentist-Dentistry-44-1-300x300.png 300w, http:\/\/centrumstomatologiczne.atudent.pl\/wp-content\/uploads\/2020\/11\/Dental-Tooth-Dentist-Dentistry-44-1-150x150.png 150w, http:\/\/centrumstomatologiczne.atudent.pl\/wp-content\/uploads\/2020\/11\/Dental-Tooth-Dentist-Dentistry-44-1.png 512w\" sizes=\"(max-width: 156px) 100vw, 156px\" \/>ostrego zapalenia miazgi, jest silny, pulsuj\u0105cy, cz\u0119sto nocny b\u00f3l z\u0119ba.<br \/>B\u00f3l nasila si\u0119 przy prowokowaniu\u00a0 temperatur\u0105 (zimno, ciep\u0142o) i ma charakter promieniuj\u0105cy na\u00a0 r\u00f3\u017cne okolice twarzy oraz na inne z\u0119by. Dlatego cz\u0119sto zdarza si\u0119, \u017ce pacjent ma trudno\u015bci we wskazaniu z\u0119ba przyczynowego.<\/p><p>Z kolei przewlek\u0142e stany zapalne miazgi s\u0105 podst\u0119pnie bezobjawowe. Prowadz\u0105 do powolnego obumierania miazgi i cz\u0119sto wykrywane s\u0105 przypadkowo w czasie rentgenodiagnostyki. Zdarza si\u0119, \u017ce manifestuj\u0105 si\u0119 zaostrzeniem zapalenia, kt\u00f3re toczy si\u0119 ju\u017c w obr\u0119bie tkanek oko\u0142owierzcho\u0142kowych korzenia. Bywa te\u017c, \u017ce tylko zmiana zabarwienia z\u0119ba sugeruje, \u017ce w miazdze toczy si\u0119\u00a0 proces zapalny.<img decoding=\"async\" class=\"wp-image-585 alignright\" src=\"http:\/\/centrumstomatologiczne.atudent.pl\/wp-content\/uploads\/2020\/11\/Dental-Tooth-Dentist-Dentistry-19-1-300x300.png\" alt=\"\" width=\"144\" height=\"144\" srcset=\"http:\/\/centrumstomatologiczne.atudent.pl\/wp-content\/uploads\/2020\/11\/Dental-Tooth-Dentist-Dentistry-19-1-300x300.png 300w, http:\/\/centrumstomatologiczne.atudent.pl\/wp-content\/uploads\/2020\/11\/Dental-Tooth-Dentist-Dentistry-19-1-150x150.png 150w, http:\/\/centrumstomatologiczne.atudent.pl\/wp-content\/uploads\/2020\/11\/Dental-Tooth-Dentist-Dentistry-19-1.png 512w\" sizes=\"(max-width: 144px) 100vw, 144px\" \/><\/p><p>W\u015br\u00f3d przyczyn obumarcia miazgi mo\u017cna wymieni\u0107 przede wszystkim:<br \/><span style=\"font-style: inherit; font-weight: inherit;\">&#8211;\u00a0 uraz mechaniczny, taki jak np. uderzenie z\u0119ba w czasie upadku lub wypadku rowerowego<br \/><\/span><span style=\"font-style: inherit; font-weight: inherit;\">&#8211; oraz zaawansowane choroby przyz\u0119bia, kiedy bakterie atakuj\u0105 miazg\u0119 od strony patologicznych kieszeni dzi\u0105s\u0142owych.<br \/><\/span><\/p><p><img decoding=\"async\" class=\"wp-image-579 alignleft\" src=\"http:\/\/centrumstomatologiczne.atudent.pl\/wp-content\/uploads\/2020\/11\/Dental-Tooth-Dentist-Dentistry-13-1-300x300.png\" alt=\"\" width=\"160\" height=\"160\" srcset=\"http:\/\/centrumstomatologiczne.atudent.pl\/wp-content\/uploads\/2020\/11\/Dental-Tooth-Dentist-Dentistry-13-1-300x300.png 300w, http:\/\/centrumstomatologiczne.atudent.pl\/wp-content\/uploads\/2020\/11\/Dental-Tooth-Dentist-Dentistry-13-1-150x150.png 150w, http:\/\/centrumstomatologiczne.atudent.pl\/wp-content\/uploads\/2020\/11\/Dental-Tooth-Dentist-Dentistry-13-1.png 512w\" sizes=\"(max-width: 160px) 100vw, 160px\" \/>Leczenie endodontyczne, popularnie zwane przewodowym, polega na usuni\u0119ciu z kana\u0142\u00f3w wszelkich bakterii oraz chorobowo zmienionej tkanki, a nast\u0119pnie wype\u0142nieniu ich szczelnie materia\u0142em przeznaczonym do tego typu leczenia. Najcz\u0119\u015bciej jest to gutaperka z uszczelniaczem.<br \/>Twarde tkanki z\u0119ba po leczeniu kana\u0142owym nie s\u0105 juz od\u017cywiane tak jak w z\u0119bie z \u017cyw\u0105 miazg\u0105, dlatego trzeba by\u0107 przygotowanym\u00a0 na mo\u017cliwe nast\u0119pstwa z tym zwi\u0105zane. G\u0142\u00f3wnie dotyczy to zmiany koloru &#8211; zciemnienie z\u0119biny, oraz z\u0142amania, kt\u00f3re s\u0105 wynikiem krucho\u015bci z\u0119biny.<\/p><p>Warto wiedzie\u0107, \u017ce po leczeniu kana\u0142owym odzyskujemy z\u0105b, ale cz\u0119sto trzeba jeszcze zainwestowa\u0107 w odbudow\u0119 jego funkcjonalno\u015bci i estetyki<\/p><p>Dla zainteresowanych szczeg\u00f3\u0142ami leczenia endodontycznego &#8211;\u00a0 link z Medycyny Praktycznej dla Pacjent\u00f3w:<br \/><a style=\"font-style: inherit; font-weight: inherit; background-color: #ffffff;\" href=\"https:\/\/www.mp.pl\/pacjent\/stomatologia\/choroby-i-leczenie-zebow\/107911,leczenie-kanalowe\" target=\"_blank\" rel=\"noopener\">https:\/\/www.mp.pl\/pacjent\/stomatologia\/choroby-i-leczenie-zebow\/107911,leczenie-kanalowe<\/a><\/p>\t\t\t\t\t\t<\/div>\n\t\t\t\t<\/div>\n\t\t\t\t\t<\/div>\n\t\t<\/div>\n\t\t\t\t\t<\/div>\n\t\t<\/section>\n\t\t\t\t<\/div>\n\t\t","protected":false},"excerpt":{"rendered":"<p>Leczenie endodontyczne Leczenie endodontyczne jest konieczne w sytuacji kiedy nerwy i naczynia miazgi z\u0119ba zosta\u0142y zainfekowane bakteriami pr\u00f3chnicy, kt\u00f3re doprowadz\u0105\u00a0 do procesu nieodwracalnego zapalenia tkanek. Jednym z pierwszych objaw\u00f3w ostrego zapalenia miazgi, jest silny, pulsuj\u0105cy, cz\u0119sto nocny b\u00f3l z\u0119ba.B\u00f3l nasila si\u0119 przy prowokowaniu\u00a0 temperatur\u0105 (zimno, ciep\u0142o) i ma charakter promieniuj\u0105cy na\u00a0 r\u00f3\u017cne okolice twarzy oraz [&hellip;]<\/p>\n","protected":false},"author":1,"featured_media":0,"parent":0,"menu_order":0,"comment_status":"closed","ping_status":"closed","template":"elementor_header_footer","meta":{"footnotes":""},"_links":{"self":[{"href":"http:\/\/centrumstomatologiczne.atudent.pl\/index.php\/wp-json\/wp\/v2\/pages\/305"}],"collection":[{"href":"http:\/\/centrumstomatologiczne.atudent.pl\/index.php\/wp-json\/wp\/v2\/pages"}],"about":[{"href":"http:\/\/centrumstomatologiczne.atudent.pl\/index.php\/wp-json\/wp\/v2\/types\/page"}],"author":[{"embeddable":true,"href":"http:\/\/centrumstomatologiczne.atudent.pl\/index.php\/wp-json\/wp\/v2\/users\/1"}],"replies":[{"embeddable":true,"href":"http:\/\/centrumstomatologiczne.atudent.pl\/index.php\/wp-json\/wp\/v2\/comments?post=305"}],"version-history":[{"count":7,"href":"http:\/\/centrumstomatologiczne.atudent.pl\/index.php\/wp-json\/wp\/v2\/pages\/305\/revisions"}],"predecessor-version":[{"id":707,"href":"http:\/\/centrumstomatologiczne.atudent.pl\/index.php\/wp-json\/wp\/v2\/pages\/305\/revisions\/707"}],"wp:attachment":[{"href":"http:\/\/centrumstomatologiczne.atudent.pl\/index.php\/wp-json\/wp\/v2\/media?parent=305"}],"curies":[{"name":"wp","href":"https:\/\/api.w.org\/{rel}","templated":true}]}}