{"id":368,"date":"2020-09-06T20:15:27","date_gmt":"2020-09-06T18:15:27","guid":{"rendered":"http:\/\/centrumstomatologiczne.atudent.pl\/?page_id=368"},"modified":"2020-09-06T20:26:29","modified_gmt":"2020-09-06T18:26:29","slug":"edyta-gajda","status":"publish","type":"page","link":"http:\/\/centrumstomatologiczne.atudent.pl\/index.php\/zespol\/edyta-gajda\/","title":{"rendered":"Edyta Gajda"},"content":{"rendered":"\t\t<div data-elementor-type=\"wp-page\" data-elementor-id=\"368\" class=\"elementor elementor-368\">\n\t\t\t\t\t\t<section class=\"elementor-section elementor-top-section elementor-element elementor-element-d6817eb elementor-section-boxed elementor-section-height-default elementor-section-height-default\" data-id=\"d6817eb\" data-element_type=\"section\">\n\t\t\t\t\t\t<div class=\"elementor-container elementor-column-gap-default\">\n\t\t\t\t\t<div class=\"elementor-column elementor-col-100 elementor-top-column elementor-element elementor-element-152b0ba\" data-id=\"152b0ba\" data-element_type=\"column\">\n\t\t\t<div class=\"elementor-widget-wrap elementor-element-populated\">\n\t\t\t\t\t\t<div class=\"elementor-element elementor-element-543e998 elementor-widget elementor-widget-spacer\" data-id=\"543e998\" data-element_type=\"widget\" data-widget_type=\"spacer.default\">\n\t\t\t\t<div class=\"elementor-widget-container\">\n\t\t\t\t\t<div class=\"elementor-spacer\">\n\t\t\t<div class=\"elementor-spacer-inner\"><\/div>\n\t\t<\/div>\n\t\t\t\t<\/div>\n\t\t\t\t<\/div>\n\t\t\t\t<div class=\"elementor-element elementor-element-2ff9529 elementor-widget elementor-widget-image\" data-id=\"2ff9529\" data-element_type=\"widget\" data-widget_type=\"image.default\">\n\t\t\t\t<div class=\"elementor-widget-container\">\n\t\t\t\t\t\t\t\t\t\t\t\t\t<img fetchpriority=\"high\" decoding=\"async\" width=\"751\" height=\"1024\" src=\"http:\/\/centrumstomatologiczne.atudent.pl\/wp-content\/uploads\/2020\/06\/J8A27111-751x1024.jpg\" class=\"attachment-large size-large wp-image-256\" alt=\"\" srcset=\"http:\/\/centrumstomatologiczne.atudent.pl\/wp-content\/uploads\/2020\/06\/J8A27111-751x1024.jpg 751w, http:\/\/centrumstomatologiczne.atudent.pl\/wp-content\/uploads\/2020\/06\/J8A27111-220x300.jpg 220w, http:\/\/centrumstomatologiczne.atudent.pl\/wp-content\/uploads\/2020\/06\/J8A27111-768x1047.jpg 768w, http:\/\/centrumstomatologiczne.atudent.pl\/wp-content\/uploads\/2020\/06\/J8A27111-1127x1536.jpg 1127w, http:\/\/centrumstomatologiczne.atudent.pl\/wp-content\/uploads\/2020\/06\/J8A27111-1503x2048.jpg 1503w, http:\/\/centrumstomatologiczne.atudent.pl\/wp-content\/uploads\/2020\/06\/J8A27111-scaled.jpg 1878w\" sizes=\"(max-width: 751px) 100vw, 751px\" \/>\t\t\t\t\t\t\t\t\t\t\t\t\t<\/div>\n\t\t\t\t<\/div>\n\t\t\t\t<div class=\"elementor-element elementor-element-188aa72 elementor-widget elementor-widget-heading\" data-id=\"188aa72\" data-element_type=\"widget\" data-widget_type=\"heading.default\">\n\t\t\t\t<div class=\"elementor-widget-container\">\n\t\t\t<h2 class=\"elementor-heading-title elementor-size-default\">mgr Edyta Gajda<\/h2>\t\t<\/div>\n\t\t\t\t<\/div>\n\t\t\t\t<div class=\"elementor-element elementor-element-ac29eba elementor-widget elementor-widget-text-editor\" data-id=\"ac29eba\" data-element_type=\"widget\" data-widget_type=\"text-editor.default\">\n\t\t\t\t<div class=\"elementor-widget-container\">\n\t\t\t\t\t\t\t<p>Doktorantka na II wydziale lekarskim Uniwersytetu Medycznego w Poznaniu.<\/p><p>Absolwentka Wy\u017cszej Szko\u0142y In\u017cynierii Dentystycznej im. Prof. Meisnera w Ustroniu, w 2011 r. uzyska\u0142a tytu\u0142 in\u017cyniera techniki dentystycznej.<\/p><p>Absolwentka Politechniki \u015al\u0105skiej w Katowicach, w 2013 r. uzyska\u0142a tytu\u0142 magistra na kierunku materia\u0142y in\u017cynierskie.<\/p><p>Absolwentka Uniwersytetu \u015al\u0105skiego w Katowicach, w 2015 r. na wydziale filologicznym uzyska\u0142a tytu\u0142 magistra logopedy. W tym samym czasie uzyska\u0142a tytu\u0142 specjalisty neurologopedii.<\/p><p>Uko\u0144czy\u0142a Policealn\u0105 Szko\u0142\u0119 Medyczn\u0105 w Rybniku. Uko\u0144czy\u0142a Policealne Studium Techniki Dentystycznej w Ustroniu, w 2010 r. uzyska\u0142a tytu\u0142 technika dentystycznego.<br \/>Od 2004 r. \u2013 2007 r. by\u0142a Stypendystk\u0105 Prezesa Rady Ministr\u00f3w.<br \/>Wyk\u0142adowca Szk\u00f3\u0142 Medycznych w Rybniku, Gliwicach, Opolu i Katowicach.<br \/>Uczestniczka licznych sympozj\u00f3w, konferencji, targ\u00f3w stomatologicznych. Stale podnosi swoje kwalifikacje, bior\u0105c udzia\u0142 w licznych kursach i szkoleniach.<\/p><p>Autorka publikacji prasy medycznej i naukowej:<br \/>Publikacja:<\/p><ul><li>E. Gajda, A. Pryli\u0144ska-Czy\u017cewska, R. Michalik, M. Pryli\u0144ski, \u201eOdporno\u015b\u0107 korozyjna drut\u00f3w chromowo-niklowych stosowanych w stomatologii\u201d, TPS, 7-8\/2017, 82-83 (2017).<\/li><li>E. Gajda, M. Ch\u0119ciek, &#8222;Indywidualny program terapii logopedycznej dla pacjenta z ca\u0142kowitym bezz\u0119biem. Projekcja protezy z\u0119bowej &#8211; wp\u0142yw na jako\u015b\u0107 wymowy&#8221;, Forum Logopedyczne, 26\/2018, 135-146 (2017).<\/li><\/ul>\t\t\t\t\t\t<\/div>\n\t\t\t\t<\/div>\n\t\t\t\t\t<\/div>\n\t\t<\/div>\n\t\t\t\t\t<\/div>\n\t\t<\/section>\n\t\t\t\t<\/div>\n\t\t","protected":false},"excerpt":{"rendered":"<p>mgr Edyta Gajda Doktorantka na II wydziale lekarskim Uniwersytetu Medycznego w Poznaniu. Absolwentka Wy\u017cszej Szko\u0142y In\u017cynierii Dentystycznej im. Prof. Meisnera w Ustroniu, w 2011 r. uzyska\u0142a tytu\u0142 in\u017cyniera techniki dentystycznej. Absolwentka Politechniki \u015al\u0105skiej w Katowicach, w 2013 r. uzyska\u0142a tytu\u0142 magistra na kierunku materia\u0142y in\u017cynierskie. Absolwentka Uniwersytetu \u015al\u0105skiego w Katowicach, w 2015 r. na wydziale [&hellip;]<\/p>\n","protected":false},"author":1,"featured_media":0,"parent":19,"menu_order":0,"comment_status":"closed","ping_status":"closed","template":"elementor_header_footer","meta":{"footnotes":""},"_links":{"self":[{"href":"http:\/\/centrumstomatologiczne.atudent.pl\/index.php\/wp-json\/wp\/v2\/pages\/368"}],"collection":[{"href":"http:\/\/centrumstomatologiczne.atudent.pl\/index.php\/wp-json\/wp\/v2\/pages"}],"about":[{"href":"http:\/\/centrumstomatologiczne.atudent.pl\/index.php\/wp-json\/wp\/v2\/types\/page"}],"author":[{"embeddable":true,"href":"http:\/\/centrumstomatologiczne.atudent.pl\/index.php\/wp-json\/wp\/v2\/users\/1"}],"replies":[{"embeddable":true,"href":"http:\/\/centrumstomatologiczne.atudent.pl\/index.php\/wp-json\/wp\/v2\/comments?post=368"}],"version-history":[{"count":4,"href":"http:\/\/centrumstomatologiczne.atudent.pl\/index.php\/wp-json\/wp\/v2\/pages\/368\/revisions"}],"predecessor-version":[{"id":378,"href":"http:\/\/centrumstomatologiczne.atudent.pl\/index.php\/wp-json\/wp\/v2\/pages\/368\/revisions\/378"}],"up":[{"embeddable":true,"href":"http:\/\/centrumstomatologiczne.atudent.pl\/index.php\/wp-json\/wp\/v2\/pages\/19"}],"wp:attachment":[{"href":"http:\/\/centrumstomatologiczne.atudent.pl\/index.php\/wp-json\/wp\/v2\/media?parent=368"}],"curies":[{"name":"wp","href":"https:\/\/api.w.org\/{rel}","templated":true}]}}