{"id":19,"date":"2020-01-01T18:21:57","date_gmt":"2020-01-01T17:21:57","guid":{"rendered":"http:\/\/centrumstomatologiczne.atudent.pl\/?page_id=19"},"modified":"2021-06-01T13:56:02","modified_gmt":"2021-06-01T11:56:02","slug":"zespol","status":"publish","type":"page","link":"https:\/\/centrumstomatologiczne.atudent.pl\/index.php\/zespol\/","title":{"rendered":"Zesp\u00f3\u0142"},"content":{"rendered":"\t\t<div data-elementor-type=\"wp-page\" data-elementor-id=\"19\" class=\"elementor elementor-19\">\n\t\t\t\t\t\t<section class=\"elementor-section elementor-top-section elementor-element elementor-element-abb4e1c elementor-section-boxed elementor-section-height-default elementor-section-height-default\" data-id=\"abb4e1c\" data-element_type=\"section\">\n\t\t\t\t\t\t<div class=\"elementor-container elementor-column-gap-default\">\n\t\t\t\t\t<div class=\"elementor-column elementor-col-100 elementor-top-column elementor-element elementor-element-3ef4a95\" data-id=\"3ef4a95\" data-element_type=\"column\">\n\t\t\t<div class=\"elementor-widget-wrap elementor-element-populated\">\n\t\t\t\t\t\t<div class=\"elementor-element elementor-element-a4523ec elementor-widget elementor-widget-spacer\" data-id=\"a4523ec\" data-element_type=\"widget\" data-widget_type=\"spacer.default\">\n\t\t\t\t<div class=\"elementor-widget-container\">\n\t\t\t\t\t<div class=\"elementor-spacer\">\n\t\t\t<div class=\"elementor-spacer-inner\"><\/div>\n\t\t<\/div>\n\t\t\t\t<\/div>\n\t\t\t\t<\/div>\n\t\t\t\t<div class=\"elementor-element elementor-element-22a0d85 elementor-widget elementor-widget-heading\" data-id=\"22a0d85\" data-element_type=\"widget\" data-widget_type=\"heading.default\">\n\t\t\t\t<div class=\"elementor-widget-container\">\n\t\t\t<h2 class=\"elementor-heading-title elementor-size-default\">Lekarze<\/h2>\t\t<\/div>\n\t\t\t\t<\/div>\n\t\t\t\t<section class=\"elementor-section elementor-inner-section elementor-element elementor-element-f7ecf4c elementor-section-full_width elementor-section-height-default elementor-section-height-default\" data-id=\"f7ecf4c\" data-element_type=\"section\">\n\t\t\t\t\t\t<div class=\"elementor-container elementor-column-gap-default\">\n\t\t\t\t\t<div class=\"elementor-column elementor-col-50 elementor-inner-column elementor-element elementor-element-dc95f1c\" data-id=\"dc95f1c\" data-element_type=\"column\">\n\t\t\t<div class=\"elementor-widget-wrap elementor-element-populated\">\n\t\t\t\t\t\t<div class=\"elementor-element elementor-element-0ea4dfc elementor-widget elementor-widget-image\" data-id=\"0ea4dfc\" data-element_type=\"widget\" data-widget_type=\"image.default\">\n\t\t\t\t<div class=\"elementor-widget-container\">\n\t\t\t\t\t\t\t\t\t\t\t\t\t<img fetchpriority=\"high\" decoding=\"async\" width=\"683\" height=\"1024\" src=\"https:\/\/centrumstomatologiczne.atudent.pl\/wp-content\/uploads\/2020\/05\/5-1365x2048-1-683x1024.jpg\" class=\"attachment-large size-large wp-image-215\" alt=\"\" srcset=\"https:\/\/centrumstomatologiczne.atudent.pl\/wp-content\/uploads\/2020\/05\/5-1365x2048-1-683x1024.jpg 683w, https:\/\/centrumstomatologiczne.atudent.pl\/wp-content\/uploads\/2020\/05\/5-1365x2048-1-200x300.jpg 200w, https:\/\/centrumstomatologiczne.atudent.pl\/wp-content\/uploads\/2020\/05\/5-1365x2048-1-768x1152.jpg 768w, https:\/\/centrumstomatologiczne.atudent.pl\/wp-content\/uploads\/2020\/05\/5-1365x2048-1-1024x1536.jpg 1024w, https:\/\/centrumstomatologiczne.atudent.pl\/wp-content\/uploads\/2020\/05\/5-1365x2048-1.jpg 1365w\" sizes=\"(max-width: 683px) 100vw, 683px\" \/>\t\t\t\t\t\t\t\t\t\t\t\t\t<\/div>\n\t\t\t\t<\/div>\n\t\t\t\t<div class=\"elementor-element elementor-element-7f51826 elementor-widget elementor-widget-heading\" data-id=\"7f51826\" data-element_type=\"widget\" data-widget_type=\"heading.default\">\n\t\t\t\t<div class=\"elementor-widget-container\">\n\t\t\t<h3 class=\"elementor-heading-title elementor-size-default\">Chirurg stomatolog\n<br>Bogumi\u0142a Babczy\u0144ska-Kubek<\/h3>\t\t<\/div>\n\t\t\t\t<\/div>\n\t\t\t\t<div class=\"elementor-element elementor-element-3d40470 elementor-align-center elementor-icon-list--layout-traditional elementor-list-item-link-full_width elementor-widget elementor-widget-icon-list\" data-id=\"3d40470\" data-element_type=\"widget\" data-widget_type=\"icon-list.default\">\n\t\t\t\t<div class=\"elementor-widget-container\">\n\t\t\t\t\t<ul class=\"elementor-icon-list-items\">\n\t\t\t\t\t\t\t<li class=\"elementor-icon-list-item\">\n\t\t\t\t\t\t\t\t\t\t\t<a href=\"http:\/\/centrumstomatologiczne.atudent.pl\/index.php\/zespol\/bogumila-babczynska-kubek\/\">\n\n\t\t\t\t\t\t\t\t\t\t\t\t<span class=\"elementor-icon-list-icon\">\n\t\t\t\t\t\t\t<i aria-hidden=\"true\" class=\"fas fa-arrow-right\"><\/i>\t\t\t\t\t\t<\/span>\n\t\t\t\t\t\t\t\t\t\t<span class=\"elementor-icon-list-text\">Wi\u0119cej<\/span>\n\t\t\t\t\t\t\t\t\t\t\t<\/a>\n\t\t\t\t\t\t\t\t\t<\/li>\n\t\t\t\t\t\t<\/ul>\n\t\t\t\t<\/div>\n\t\t\t\t<\/div>\n\t\t\t\t\t<\/div>\n\t\t<\/div>\n\t\t\t\t<div class=\"elementor-column elementor-col-50 elementor-inner-column elementor-element elementor-element-45bb628\" data-id=\"45bb628\" data-element_type=\"column\">\n\t\t\t<div class=\"elementor-widget-wrap elementor-element-populated\">\n\t\t\t\t\t\t<div class=\"elementor-element elementor-element-1d2c9c5 elementor-widget elementor-widget-image\" data-id=\"1d2c9c5\" data-element_type=\"widget\" data-widget_type=\"image.default\">\n\t\t\t\t<div class=\"elementor-widget-container\">\n\t\t\t\t\t\t\t\t\t\t\t\t\t<img decoding=\"async\" width=\"683\" height=\"1024\" src=\"https:\/\/centrumstomatologiczne.atudent.pl\/wp-content\/uploads\/2020\/12\/aga_lok-1-683x1024.jpg\" class=\"attachment-large size-large wp-image-630\" alt=\"\" srcset=\"https:\/\/centrumstomatologiczne.atudent.pl\/wp-content\/uploads\/2020\/12\/aga_lok-1-683x1024.jpg 683w, https:\/\/centrumstomatologiczne.atudent.pl\/wp-content\/uploads\/2020\/12\/aga_lok-1-200x300.jpg 200w, https:\/\/centrumstomatologiczne.atudent.pl\/wp-content\/uploads\/2020\/12\/aga_lok-1-768x1152.jpg 768w, https:\/\/centrumstomatologiczne.atudent.pl\/wp-content\/uploads\/2020\/12\/aga_lok-1-1024x1536.jpg 1024w, https:\/\/centrumstomatologiczne.atudent.pl\/wp-content\/uploads\/2020\/12\/aga_lok-1.jpg 1365w\" sizes=\"(max-width: 683px) 100vw, 683px\" \/>\t\t\t\t\t\t\t\t\t\t\t\t\t<\/div>\n\t\t\t\t<\/div>\n\t\t\t\t<div class=\"elementor-element elementor-element-bfba414 elementor-widget elementor-widget-heading\" data-id=\"bfba414\" data-element_type=\"widget\" data-widget_type=\"heading.default\">\n\t\t\t\t<div class=\"elementor-widget-container\">\n\t\t\t<h3 class=\"elementor-heading-title elementor-size-default\">Lek. dentysta \n<br>Agnieszka Kubek<\/h3>\t\t<\/div>\n\t\t\t\t<\/div>\n\t\t\t\t<div class=\"elementor-element elementor-element-05466cd elementor-align-center elementor-icon-list--layout-traditional elementor-list-item-link-full_width elementor-widget elementor-widget-icon-list\" data-id=\"05466cd\" data-element_type=\"widget\" data-widget_type=\"icon-list.default\">\n\t\t\t\t<div class=\"elementor-widget-container\">\n\t\t\t\t\t<ul class=\"elementor-icon-list-items\">\n\t\t\t\t\t\t\t<li class=\"elementor-icon-list-item\">\n\t\t\t\t\t\t\t\t\t\t\t<a href=\"http:\/\/centrumstomatologiczne.atudent.pl\/index.php\/zespol\/agnieszka-kubek\/\">\n\n\t\t\t\t\t\t\t\t\t\t\t\t<span class=\"elementor-icon-list-icon\">\n\t\t\t\t\t\t\t<i aria-hidden=\"true\" class=\"fas fa-arrow-right\"><\/i>\t\t\t\t\t\t<\/span>\n\t\t\t\t\t\t\t\t\t\t<span class=\"elementor-icon-list-text\">Wi\u0119cej<\/span>\n\t\t\t\t\t\t\t\t\t\t\t<\/a>\n\t\t\t\t\t\t\t\t\t<\/li>\n\t\t\t\t\t\t<\/ul>\n\t\t\t\t<\/div>\n\t\t\t\t<\/div>\n\t\t\t\t\t<\/div>\n\t\t<\/div>\n\t\t\t\t\t<\/div>\n\t\t<\/section>\n\t\t\t\t\t<\/div>\n\t\t<\/div>\n\t\t\t\t\t<\/div>\n\t\t<\/section>\n\t\t\t\t<section class=\"elementor-section elementor-top-section elementor-element elementor-element-b1d62a5 elementor-section-boxed elementor-section-height-default elementor-section-height-default\" data-id=\"b1d62a5\" data-element_type=\"section\">\n\t\t\t\t\t\t<div class=\"elementor-container elementor-column-gap-default\">\n\t\t\t\t\t<div class=\"elementor-column elementor-col-100 elementor-top-column elementor-element elementor-element-b925af0\" data-id=\"b925af0\" data-element_type=\"column\">\n\t\t\t<div class=\"elementor-widget-wrap elementor-element-populated\">\n\t\t\t\t\t\t<div class=\"elementor-element elementor-element-f890f7f elementor-widget elementor-widget-heading\" data-id=\"f890f7f\" data-element_type=\"widget\" data-widget_type=\"heading.default\">\n\t\t\t\t<div class=\"elementor-widget-container\">\n\t\t\t<h2 class=\"elementor-heading-title elementor-size-default\">Asysta<\/h2>\t\t<\/div>\n\t\t\t\t<\/div>\n\t\t\t\t<section class=\"elementor-section elementor-inner-section elementor-element elementor-element-a071fd1 elementor-section-boxed elementor-section-height-default elementor-section-height-default\" data-id=\"a071fd1\" data-element_type=\"section\">\n\t\t\t\t\t\t<div class=\"elementor-container elementor-column-gap-default\">\n\t\t\t\t\t<div class=\"elementor-column elementor-col-50 elementor-inner-column elementor-element elementor-element-afa9d46\" data-id=\"afa9d46\" data-element_type=\"column\">\n\t\t\t<div class=\"elementor-widget-wrap elementor-element-populated\">\n\t\t\t\t\t\t<div class=\"elementor-element elementor-element-446c129 elementor-widget elementor-widget-image\" data-id=\"446c129\" data-element_type=\"widget\" data-widget_type=\"image.default\">\n\t\t\t\t<div class=\"elementor-widget-container\">\n\t\t\t\t\t\t\t\t\t\t\t\t\t<img decoding=\"async\" width=\"751\" height=\"1024\" src=\"https:\/\/centrumstomatologiczne.atudent.pl\/wp-content\/uploads\/2020\/06\/J8A27111-751x1024.jpg\" class=\"attachment-large size-large wp-image-256\" alt=\"\" srcset=\"https:\/\/centrumstomatologiczne.atudent.pl\/wp-content\/uploads\/2020\/06\/J8A27111-751x1024.jpg 751w, https:\/\/centrumstomatologiczne.atudent.pl\/wp-content\/uploads\/2020\/06\/J8A27111-220x300.jpg 220w, https:\/\/centrumstomatologiczne.atudent.pl\/wp-content\/uploads\/2020\/06\/J8A27111-768x1047.jpg 768w, https:\/\/centrumstomatologiczne.atudent.pl\/wp-content\/uploads\/2020\/06\/J8A27111-1127x1536.jpg 1127w, https:\/\/centrumstomatologiczne.atudent.pl\/wp-content\/uploads\/2020\/06\/J8A27111-1503x2048.jpg 1503w, https:\/\/centrumstomatologiczne.atudent.pl\/wp-content\/uploads\/2020\/06\/J8A27111-scaled.jpg 1878w\" sizes=\"(max-width: 751px) 100vw, 751px\" \/>\t\t\t\t\t\t\t\t\t\t\t\t\t<\/div>\n\t\t\t\t<\/div>\n\t\t\t\t<div class=\"elementor-element elementor-element-c443f6f elementor-widget elementor-widget-heading\" data-id=\"c443f6f\" data-element_type=\"widget\" data-widget_type=\"heading.default\">\n\t\t\t\t<div class=\"elementor-widget-container\">\n\t\t\t<h3 class=\"elementor-heading-title elementor-size-default\">mgr Edyta Gajda<\/h3>\t\t<\/div>\n\t\t\t\t<\/div>\n\t\t\t\t<div class=\"elementor-element elementor-element-702ce9d elementor-widget elementor-widget-text-editor\" data-id=\"702ce9d\" data-element_type=\"widget\" data-widget_type=\"text-editor.default\">\n\t\t\t\t<div class=\"elementor-widget-container\">\n\t\t\t\t\t\t\t<p>in\u017c. tech. dent., dypl., hig. stom., logopeda, neurologopeda<\/p>\t\t\t\t\t\t<\/div>\n\t\t\t\t<\/div>\n\t\t\t\t<div class=\"elementor-element elementor-element-f852a3b elementor-align-center elementor-icon-list--layout-traditional elementor-list-item-link-full_width elementor-widget elementor-widget-icon-list\" data-id=\"f852a3b\" data-element_type=\"widget\" data-widget_type=\"icon-list.default\">\n\t\t\t\t<div class=\"elementor-widget-container\">\n\t\t\t\t\t<ul class=\"elementor-icon-list-items\">\n\t\t\t\t\t\t\t<li class=\"elementor-icon-list-item\">\n\t\t\t\t\t\t\t\t\t\t\t<a href=\"http:\/\/centrumstomatologiczne.atudent.pl\/index.php\/zespol\/edyta-gajda\/\">\n\n\t\t\t\t\t\t\t\t\t\t\t\t<span class=\"elementor-icon-list-icon\">\n\t\t\t\t\t\t\t<i aria-hidden=\"true\" class=\"fas fa-arrow-right\"><\/i>\t\t\t\t\t\t<\/span>\n\t\t\t\t\t\t\t\t\t\t<span class=\"elementor-icon-list-text\">Wi\u0119cej<\/span>\n\t\t\t\t\t\t\t\t\t\t\t<\/a>\n\t\t\t\t\t\t\t\t\t<\/li>\n\t\t\t\t\t\t<\/ul>\n\t\t\t\t<\/div>\n\t\t\t\t<\/div>\n\t\t\t\t\t<\/div>\n\t\t<\/div>\n\t\t\t\t<div class=\"elementor-column elementor-col-50 elementor-inner-column elementor-element elementor-element-7baaafc\" data-id=\"7baaafc\" data-element_type=\"column\">\n\t\t\t<div class=\"elementor-widget-wrap elementor-element-populated\">\n\t\t\t\t\t\t<div class=\"elementor-element elementor-element-5ff1826 elementor-widget elementor-widget-image\" data-id=\"5ff1826\" data-element_type=\"widget\" data-widget_type=\"image.default\">\n\t\t\t\t<div class=\"elementor-widget-container\">\n\t\t\t\t\t\t\t\t\t\t\t\t\t<img loading=\"lazy\" decoding=\"async\" width=\"751\" height=\"1024\" src=\"https:\/\/centrumstomatologiczne.atudent.pl\/wp-content\/uploads\/2021\/03\/ad2-751x1024.jpg\" class=\"attachment-large size-large wp-image-782\" alt=\"\" srcset=\"https:\/\/centrumstomatologiczne.atudent.pl\/wp-content\/uploads\/2021\/03\/ad2-751x1024.jpg 751w, https:\/\/centrumstomatologiczne.atudent.pl\/wp-content\/uploads\/2021\/03\/ad2-220x300.jpg 220w, https:\/\/centrumstomatologiczne.atudent.pl\/wp-content\/uploads\/2021\/03\/ad2-768x1047.jpg 768w, https:\/\/centrumstomatologiczne.atudent.pl\/wp-content\/uploads\/2021\/03\/ad2-1127x1536.jpg 1127w, https:\/\/centrumstomatologiczne.atudent.pl\/wp-content\/uploads\/2021\/03\/ad2-1503x2048.jpg 1503w, https:\/\/centrumstomatologiczne.atudent.pl\/wp-content\/uploads\/2021\/03\/ad2.jpg 1650w\" sizes=\"(max-width: 751px) 100vw, 751px\" \/>\t\t\t\t\t\t\t\t\t\t\t\t\t<\/div>\n\t\t\t\t<\/div>\n\t\t\t\t<div class=\"elementor-element elementor-element-256be57 elementor-widget elementor-widget-heading\" data-id=\"256be57\" data-element_type=\"widget\" data-widget_type=\"heading.default\">\n\t\t\t\t<div class=\"elementor-widget-container\">\n\t\t\t<h3 class=\"elementor-heading-title elementor-size-default\">Natalia Ku\u015bka<\/h3>\t\t<\/div>\n\t\t\t\t<\/div>\n\t\t\t\t<div class=\"elementor-element elementor-element-d388b6a elementor-widget elementor-widget-text-editor\" data-id=\"d388b6a\" data-element_type=\"widget\" data-widget_type=\"text-editor.default\">\n\t\t\t\t<div class=\"elementor-widget-container\">\n\t\t\t\t\t\t\t<p>\u00a0 asystentka stomatologiczna<\/p>\t\t\t\t\t\t<\/div>\n\t\t\t\t<\/div>\n\t\t\t\t\t<\/div>\n\t\t<\/div>\n\t\t\t\t\t<\/div>\n\t\t<\/section>\n\t\t\t\t\t<\/div>\n\t\t<\/div>\n\t\t\t\t\t<\/div>\n\t\t<\/section>\n\t\t\t\t<section class=\"elementor-section elementor-top-section elementor-element elementor-element-48f8c99 elementor-section-boxed elementor-section-height-default elementor-section-height-default\" data-id=\"48f8c99\" data-element_type=\"section\">\n\t\t\t\t\t\t<div class=\"elementor-container elementor-column-gap-default\">\n\t\t\t\t\t<div class=\"elementor-column elementor-col-50 elementor-top-column elementor-element elementor-element-3f86da4\" data-id=\"3f86da4\" data-element_type=\"column\">\n\t\t\t<div class=\"elementor-widget-wrap elementor-element-populated\">\n\t\t\t\t\t\t<div class=\"elementor-element elementor-element-c1c2eb3 elementor-widget elementor-widget-image\" data-id=\"c1c2eb3\" data-element_type=\"widget\" data-widget_type=\"image.default\">\n\t\t\t\t<div class=\"elementor-widget-container\">\n\t\t\t\t\t\t\t\t\t\t\t\t\t<img loading=\"lazy\" decoding=\"async\" width=\"751\" height=\"1024\" src=\"https:\/\/centrumstomatologiczne.atudent.pl\/wp-content\/uploads\/2021\/03\/ad1-751x1024.jpg\" class=\"attachment-large size-large wp-image-781\" alt=\"\" srcset=\"https:\/\/centrumstomatologiczne.atudent.pl\/wp-content\/uploads\/2021\/03\/ad1-751x1024.jpg 751w, https:\/\/centrumstomatologiczne.atudent.pl\/wp-content\/uploads\/2021\/03\/ad1-220x300.jpg 220w, https:\/\/centrumstomatologiczne.atudent.pl\/wp-content\/uploads\/2021\/03\/ad1-768x1047.jpg 768w, https:\/\/centrumstomatologiczne.atudent.pl\/wp-content\/uploads\/2021\/03\/ad1-1127x1536.jpg 1127w, https:\/\/centrumstomatologiczne.atudent.pl\/wp-content\/uploads\/2021\/03\/ad1-1503x2048.jpg 1503w, https:\/\/centrumstomatologiczne.atudent.pl\/wp-content\/uploads\/2021\/03\/ad1.jpg 1650w\" sizes=\"(max-width: 751px) 100vw, 751px\" \/>\t\t\t\t\t\t\t\t\t\t\t\t\t<\/div>\n\t\t\t\t<\/div>\n\t\t\t\t<div class=\"elementor-element elementor-element-ff1d81a elementor-widget elementor-widget-heading\" data-id=\"ff1d81a\" data-element_type=\"widget\" data-widget_type=\"heading.default\">\n\t\t\t\t<div class=\"elementor-widget-container\">\n\t\t\t<h3 class=\"elementor-heading-title elementor-size-default\">Dominika Wala<\/h3>\t\t<\/div>\n\t\t\t\t<\/div>\n\t\t\t\t<div class=\"elementor-element elementor-element-f02cb64 elementor-widget elementor-widget-text-editor\" data-id=\"f02cb64\" data-element_type=\"widget\" data-widget_type=\"text-editor.default\">\n\t\t\t\t<div class=\"elementor-widget-container\">\n\t\t\t\t\t\t\t<p>\u00a0 asystentka stomatologiczna<\/p>\t\t\t\t\t\t<\/div>\n\t\t\t\t<\/div>\n\t\t\t\t\t<\/div>\n\t\t<\/div>\n\t\t\t\t<div class=\"elementor-column elementor-col-50 elementor-top-column elementor-element elementor-element-16705cc\" data-id=\"16705cc\" data-element_type=\"column\">\n\t\t\t<div class=\"elementor-widget-wrap\">\n\t\t\t\t\t\t\t<\/div>\n\t\t<\/div>\n\t\t\t\t\t<\/div>\n\t\t<\/section>\n\t\t\t\t<\/div>\n\t\t","protected":false},"excerpt":{"rendered":"<p>Lekarze Chirurg stomatolog Bogumi\u0142a Babczy\u0144ska-Kubek Wi\u0119cej Lek. dentysta Agnieszka Kubek Wi\u0119cej Asysta mgr Edyta Gajda in\u017c. tech. dent., dypl., hig. stom., logopeda, neurologopeda Wi\u0119cej Natalia Ku\u015bka \u00a0 asystentka stomatologiczna Dominika Wala \u00a0 asystentka stomatologiczna<\/p>\n","protected":false},"author":1,"featured_media":0,"parent":0,"menu_order":0,"comment_status":"closed","ping_status":"closed","template":"elementor_header_footer","meta":{"footnotes":""},"_links":{"self":[{"href":"https:\/\/centrumstomatologiczne.atudent.pl\/index.php\/wp-json\/wp\/v2\/pages\/19"}],"collection":[{"href":"https:\/\/centrumstomatologiczne.atudent.pl\/index.php\/wp-json\/wp\/v2\/pages"}],"about":[{"href":"https:\/\/centrumstomatologiczne.atudent.pl\/index.php\/wp-json\/wp\/v2\/types\/page"}],"author":[{"embeddable":true,"href":"https:\/\/centrumstomatologiczne.atudent.pl\/index.php\/wp-json\/wp\/v2\/users\/1"}],"replies":[{"embeddable":true,"href":"https:\/\/centrumstomatologiczne.atudent.pl\/index.php\/wp-json\/wp\/v2\/comments?post=19"}],"version-history":[{"count":44,"href":"https:\/\/centrumstomatologiczne.atudent.pl\/index.php\/wp-json\/wp\/v2\/pages\/19\/revisions"}],"predecessor-version":[{"id":787,"href":"https:\/\/centrumstomatologiczne.atudent.pl\/index.php\/wp-json\/wp\/v2\/pages\/19\/revisions\/787"}],"wp:attachment":[{"href":"https:\/\/centrumstomatologiczne.atudent.pl\/index.php\/wp-json\/wp\/v2\/media?parent=19"}],"curies":[{"name":"wp","href":"https:\/\/api.w.org\/{rel}","templated":true}]}}