{"id":28,"date":"2020-01-01T18:40:19","date_gmt":"2020-01-01T17:40:19","guid":{"rendered":"http:\/\/centrumstomatologiczne.atudent.pl\/?page_id=28"},"modified":"2023-05-30T11:55:25","modified_gmt":"2023-05-30T09:55:25","slug":"start-2","status":"publish","type":"page","link":"https:\/\/centrumstomatologiczne.atudent.pl\/","title":{"rendered":"Start"},"content":{"rendered":"\t\t<div data-elementor-type=\"wp-page\" data-elementor-id=\"28\" class=\"elementor elementor-28\">\n\t\t\t\t\t\t<section class=\"elementor-section elementor-top-section elementor-element elementor-element-a074f32 elementor-section-stretched elementor-section-height-min-height elementor-section-full_width elementor-section-height-default elementor-section-items-middle\" data-id=\"a074f32\" data-element_type=\"section\" data-settings=\"{&quot;stretch_section&quot;:&quot;section-stretched&quot;,&quot;background_background&quot;:&quot;classic&quot;}\">\n\t\t\t\t\t\t\t<div class=\"elementor-background-overlay\"><\/div>\n\t\t\t\t\t\t\t<div class=\"elementor-container elementor-column-gap-default\">\n\t\t\t\t\t<div class=\"elementor-column elementor-col-50 elementor-top-column elementor-element elementor-element-be88324\" data-id=\"be88324\" data-element_type=\"column\">\n\t\t\t<div class=\"elementor-widget-wrap elementor-element-populated\">\n\t\t\t\t\t\t<div class=\"elementor-element elementor-element-262d321 elementor-widget elementor-widget-text-editor\" data-id=\"262d321\" data-element_type=\"widget\" data-widget_type=\"text-editor.default\">\n\t\t\t\t<div class=\"elementor-widget-container\">\n\t\t\t\t\t\t\t<h2>Witamy na stronie Centrum Stomatologicznego AtuDent<\/h2>\t\t\t\t\t\t<\/div>\n\t\t\t\t<\/div>\n\t\t\t\t<div class=\"elementor-element elementor-element-56df86e elementor-widget elementor-widget-text-editor\" data-id=\"56df86e\" data-element_type=\"widget\" data-widget_type=\"text-editor.default\">\n\t\t\t\t<div class=\"elementor-widget-container\">\n\t\t\t\t\t\t\t<p>Zapraszamy Pa\u0144stwa do zapoznania\u00a0 z naszymi zawodowymi do\u015bwiadczeniami oraz czytelnymi poradami dotycz\u0105cymi niekt\u00f3rych sposob\u00f3w leczenia i profilaktyki stomatologicznej.\u00a0<\/p><p>Wiedz\u0119,\u00a0 kt\u00f3r\u0105\u00a0 si\u0119 z Pa\u0144stwem dzielimy, czerpiemy z w\u0142asnego do\u015bwiadczenia oraz z licznych warsztat\u00f3w, kongres\u00f3w naukowych i studi\u00f3w podyplomowych.<\/p><p>Nasz zesp\u00f3\u0142 tworz\u0105 wykwalifikowani lekarze i asystentki, dla kt\u00f3rych ci\u0105g\u0142e szkolenie si\u0119 jest codzienno\u015bci\u0105.\u00a0<br \/>Naszym celem jest udzielanie us\u0142ug na jak najwy\u017cszym poziomie oraz Pa\u0144stwa satysfakcja.<\/p>\t\t\t\t\t\t<\/div>\n\t\t\t\t<\/div>\n\t\t\t\t<div class=\"elementor-element elementor-element-20ffc7f elementor-button-info elementor-align-center elementor-widget elementor-widget-button\" data-id=\"20ffc7f\" data-element_type=\"widget\" data-widget_type=\"button.default\">\n\t\t\t\t<div class=\"elementor-widget-container\">\n\t\t\t\t\t<div class=\"elementor-button-wrapper\">\n\t\t\t<a class=\"elementor-button elementor-button-link elementor-size-sm\" href=\"http:\/\/centrumstomatologiczne.atudent.pl\/index.php\/start\/\">\n\t\t\t\t\t\t<span class=\"elementor-button-content-wrapper\">\n\t\t\t\t\t\t<span class=\"elementor-button-text\">SPRAWD\u0179 NASZ\u0104 OFERT\u0118<\/span>\n\t\t<\/span>\n\t\t\t\t\t<\/a>\n\t\t<\/div>\n\t\t\t\t<\/div>\n\t\t\t\t<\/div>\n\t\t\t\t\t<\/div>\n\t\t<\/div>\n\t\t\t\t<div class=\"elementor-column elementor-col-50 elementor-top-column elementor-element elementor-element-092ee89\" data-id=\"092ee89\" data-element_type=\"column\">\n\t\t\t<div class=\"elementor-widget-wrap\">\n\t\t\t\t\t\t\t<\/div>\n\t\t<\/div>\n\t\t\t\t\t<\/div>\n\t\t<\/section>\n\t\t\t\t<section class=\"elementor-section elementor-top-section elementor-element elementor-element-0841390 elementor-section-full_width elementor-section-content-bottom elementor-section-stretched elementor-section-height-default elementor-section-height-default\" data-id=\"0841390\" data-element_type=\"section\" data-settings=\"{&quot;stretch_section&quot;:&quot;section-stretched&quot;,&quot;background_background&quot;:&quot;classic&quot;}\">\n\t\t\t\t\t\t<div class=\"elementor-container elementor-column-gap-default\">\n\t\t\t\t\t<div class=\"elementor-column elementor-col-100 elementor-top-column elementor-element elementor-element-51b355f\" data-id=\"51b355f\" data-element_type=\"column\">\n\t\t\t<div class=\"elementor-widget-wrap elementor-element-populated\">\n\t\t\t\t\t\t<div class=\"elementor-element elementor-element-c5f65bd elementor-widget elementor-widget-text-editor\" data-id=\"c5f65bd\" data-element_type=\"widget\" data-widget_type=\"text-editor.default\">\n\t\t\t\t<div class=\"elementor-widget-container\">\n\t\t\t\t\t\t\t<p><strong>Informacja o wp\u0142ywie na zdrowie ludzi i na \u015brodowisko dzia\u0142alno\u015bci zwi\u0105zanej ze \u017ar\u00f3d\u0142ami promieniowania jonizuj\u0105cego<\/strong><\/p><p>Dzia\u0142alno\u015b\u0107 zwi\u0105zana ze \u017ar\u00f3d\u0142ami promieniowania jonizuj\u0105cego w naszej jednostce nie powoduje negatywnego wp\u0142ywu na zdrowie ludzi i \u015brodowisko.<\/p><p>Post\u0119powanie naszej firmy ze \u017ar\u00f3d\u0142ami promieniowania jonizuj\u0105cego jest zgodne z warunkami zezwolenia \u015al\u0105skiego Pa\u0144stwowego Wojew\u00f3dzkiego Inspektora Sanitarnego w Katowicach i obowi\u0105zuj\u0105cymi wymogami prawnymi w tym zakresie wynikaj\u0105cymi z ustawy prawo atomowe, a tak\u017ce zapewnia minimalizowanie wp\u0142ywu odpad\u00f3w na \u015brodowisko. Nie ma uwolnie\u0144 substancji promieniotw\u00f3rczych do \u015brodowiska w zwi\u0105zku z wykonywaniem dzia\u0142alno\u015bci zwi\u0105zanej ze \u017ar\u00f3d\u0142ami promieniowania jonizuj\u0105cego<\/p>\t\t\t\t\t\t<\/div>\n\t\t\t\t<\/div>\n\t\t\t\t\t<\/div>\n\t\t<\/div>\n\t\t\t\t\t<\/div>\n\t\t<\/section>\n\t\t\t\t<\/div>\n\t\t","protected":false},"excerpt":{"rendered":"<p>Witamy na stronie Centrum Stomatologicznego AtuDent Zapraszamy Pa\u0144stwa do zapoznania\u00a0 z naszymi zawodowymi do\u015bwiadczeniami oraz czytelnymi poradami dotycz\u0105cymi niekt\u00f3rych sposob\u00f3w leczenia i profilaktyki stomatologicznej.\u00a0 Wiedz\u0119,\u00a0 kt\u00f3r\u0105\u00a0 si\u0119 z Pa\u0144stwem dzielimy, czerpiemy z w\u0142asnego do\u015bwiadczenia oraz z licznych warsztat\u00f3w, kongres\u00f3w naukowych i studi\u00f3w podyplomowych. Nasz zesp\u00f3\u0142 tworz\u0105 wykwalifikowani lekarze i asystentki, dla kt\u00f3rych ci\u0105g\u0142e szkolenie si\u0119 [&hellip;]<\/p>\n","protected":false},"author":1,"featured_media":0,"parent":0,"menu_order":0,"comment_status":"closed","ping_status":"closed","template":"elementor_header_footer","meta":{"footnotes":""},"_links":{"self":[{"href":"https:\/\/centrumstomatologiczne.atudent.pl\/index.php\/wp-json\/wp\/v2\/pages\/28"}],"collection":[{"href":"https:\/\/centrumstomatologiczne.atudent.pl\/index.php\/wp-json\/wp\/v2\/pages"}],"about":[{"href":"https:\/\/centrumstomatologiczne.atudent.pl\/index.php\/wp-json\/wp\/v2\/types\/page"}],"author":[{"embeddable":true,"href":"https:\/\/centrumstomatologiczne.atudent.pl\/index.php\/wp-json\/wp\/v2\/users\/1"}],"replies":[{"embeddable":true,"href":"https:\/\/centrumstomatologiczne.atudent.pl\/index.php\/wp-json\/wp\/v2\/comments?post=28"}],"version-history":[{"count":68,"href":"https:\/\/centrumstomatologiczne.atudent.pl\/index.php\/wp-json\/wp\/v2\/pages\/28\/revisions"}],"predecessor-version":[{"id":808,"href":"https:\/\/centrumstomatologiczne.atudent.pl\/index.php\/wp-json\/wp\/v2\/pages\/28\/revisions\/808"}],"wp:attachment":[{"href":"https:\/\/centrumstomatologiczne.atudent.pl\/index.php\/wp-json\/wp\/v2\/media?parent=28"}],"curies":[{"name":"wp","href":"https:\/\/api.w.org\/{rel}","templated":true}]}}