{"id":307,"date":"2020-06-06T14:55:26","date_gmt":"2020-06-06T12:55:26","guid":{"rendered":"http:\/\/centrumstomatologiczne.atudent.pl\/?page_id=307"},"modified":"2021-01-03T17:51:19","modified_gmt":"2021-01-03T16:51:19","slug":"protetyka","status":"publish","type":"page","link":"https:\/\/centrumstomatologiczne.atudent.pl\/index.php\/start\/protetyka\/","title":{"rendered":"Protetyka"},"content":{"rendered":"\t\t<div data-elementor-type=\"wp-page\" data-elementor-id=\"307\" class=\"elementor elementor-307\">\n\t\t\t\t\t\t<section class=\"elementor-section elementor-top-section elementor-element elementor-element-dc63452 elementor-section-boxed elementor-section-height-default elementor-section-height-default\" data-id=\"dc63452\" data-element_type=\"section\">\n\t\t\t\t\t\t<div class=\"elementor-container elementor-column-gap-default\">\n\t\t\t\t\t<div class=\"elementor-column elementor-col-100 elementor-top-column elementor-element elementor-element-06a4d08\" data-id=\"06a4d08\" data-element_type=\"column\">\n\t\t\t<div class=\"elementor-widget-wrap elementor-element-populated\">\n\t\t\t\t\t\t<div class=\"elementor-element elementor-element-2cb4e9f elementor-widget elementor-widget-image\" data-id=\"2cb4e9f\" data-element_type=\"widget\" data-widget_type=\"image.default\">\n\t\t\t\t<div class=\"elementor-widget-container\">\n\t\t\t\t\t\t\t\t\t\t\t\t\t<img decoding=\"async\" src=\"https:\/\/centrumstomatologiczne.atudent.pl\/wp-content\/uploads\/2020\/11\/Dental-Tooth-Dentist-Dentistry-15.png\" title=\"Dental&#8212;Tooth&#8212;Dentist&#8212;Dentistry-15\" alt=\"Dental---Tooth---Dentist---Dentistry-15\" loading=\"lazy\" \/>\t\t\t\t\t\t\t\t\t\t\t\t\t<\/div>\n\t\t\t\t<\/div>\n\t\t\t\t<div class=\"elementor-element elementor-element-9a5479b elementor-widget elementor-widget-heading\" data-id=\"9a5479b\" data-element_type=\"widget\" data-widget_type=\"heading.default\">\n\t\t\t\t<div class=\"elementor-widget-container\">\n\t\t\t<h1 class=\"elementor-heading-title elementor-size-default\">Protetyka\n<\/h1>\t\t<\/div>\n\t\t\t\t<\/div>\n\t\t\t\t<div class=\"elementor-element elementor-element-d62cbe9 elementor-widget elementor-widget-text-editor\" data-id=\"d62cbe9\" data-element_type=\"widget\" data-widget_type=\"text-editor.default\">\n\t\t\t\t<div class=\"elementor-widget-container\">\n\t\t\t\t\t\t\t<p>Polega na odbudowie z\u0119b\u00f3w lub ich brak\u00f3w pracami wykonanymi w pracowni protetycznej.&nbsp;<br>Mog\u0105 to by\u0107:<br><span style=\"font-style: inherit; font-weight: inherit;\">&#8211; odbudowy ruchome, takie jak klasyczne protezy akrylowe, czy bardziej zaawansowane protezy szkieletowe, <br>&#8211; lub odbudowy sta\u0142e, czyli lic\u00f3wki, korony, mosty porcelanowe na z\u0119bach w\u0142asnych oraz korony i mosty na implantach.<\/span><\/p>\n<p><img decoding=\"async\" class=\"alignnone wp-image-599\" src=\"http:\/\/centrumstomatologiczne.atudent.pl\/wp-content\/uploads\/2020\/11\/Dental-Tooth-Dentist-Dentistry-33-1-300x300.png\" alt=\"\" width=\"166\" height=\"166\" srcset=\"https:\/\/centrumstomatologiczne.atudent.pl\/wp-content\/uploads\/2020\/11\/Dental-Tooth-Dentist-Dentistry-33-1-300x300.png 300w, https:\/\/centrumstomatologiczne.atudent.pl\/wp-content\/uploads\/2020\/11\/Dental-Tooth-Dentist-Dentistry-33-1-150x150.png 150w, https:\/\/centrumstomatologiczne.atudent.pl\/wp-content\/uploads\/2020\/11\/Dental-Tooth-Dentist-Dentistry-33-1.png 512w\" sizes=\"(max-width: 166px) 100vw, 166px\" \/>&nbsp; &nbsp; &nbsp; &nbsp; &nbsp; &nbsp; &nbsp; &nbsp; &nbsp;<img decoding=\"async\" class=\"alignnone wp-image-592\" src=\"http:\/\/centrumstomatologiczne.atudent.pl\/wp-content\/uploads\/2020\/11\/Dental-Tooth-Dentist-Dentistry-26-1-300x300.png\" alt=\"\" width=\"164\" height=\"164\" srcset=\"https:\/\/centrumstomatologiczne.atudent.pl\/wp-content\/uploads\/2020\/11\/Dental-Tooth-Dentist-Dentistry-26-1-300x300.png 300w, https:\/\/centrumstomatologiczne.atudent.pl\/wp-content\/uploads\/2020\/11\/Dental-Tooth-Dentist-Dentistry-26-1-150x150.png 150w, https:\/\/centrumstomatologiczne.atudent.pl\/wp-content\/uploads\/2020\/11\/Dental-Tooth-Dentist-Dentistry-26-1.png 512w\" sizes=\"(max-width: 164px) 100vw, 164px\" \/>&nbsp; &nbsp; &nbsp; &nbsp; &nbsp; &nbsp; &nbsp;&nbsp;<img decoding=\"async\" class=\"alignnone wp-image-580\" src=\"http:\/\/centrumstomatologiczne.atudent.pl\/wp-content\/uploads\/2020\/11\/Dental-Tooth-Dentist-Dentistry-14-1-300x300.png\" alt=\"\" width=\"161\" height=\"161\" srcset=\"https:\/\/centrumstomatologiczne.atudent.pl\/wp-content\/uploads\/2020\/11\/Dental-Tooth-Dentist-Dentistry-14-1-300x300.png 300w, https:\/\/centrumstomatologiczne.atudent.pl\/wp-content\/uploads\/2020\/11\/Dental-Tooth-Dentist-Dentistry-14-1-150x150.png 150w, https:\/\/centrumstomatologiczne.atudent.pl\/wp-content\/uploads\/2020\/11\/Dental-Tooth-Dentist-Dentistry-14-1.png 512w\" sizes=\"(max-width: 161px) 100vw, 161px\" \/>&nbsp; &nbsp; &nbsp; &nbsp; &nbsp; &nbsp;&nbsp;<img loading=\"lazy\" decoding=\"async\" class=\"alignnone wp-image-554\" src=\"http:\/\/centrumstomatologiczne.atudent.pl\/wp-content\/uploads\/2020\/11\/Dental-Tooth-Dentist-Dentistry-45-1.svg\" alt=\"\" width=\"178\" height=\"178\">&nbsp; &nbsp; &nbsp; &nbsp; &nbsp; &nbsp;&nbsp;<\/p>\n<p><span style=\"font-style: inherit; font-weight: inherit;\">&nbsp;<\/span><\/p>\n<p><span style=\"font-style: inherit; font-weight: inherit;\">O wyborze danej pracy decyduje rodzaj brak\u00f3w, stan po<\/span><img decoding=\"async\" class=\"size-full wp-image-556 alignleft\" src=\"http:\/\/centrumstomatologiczne.atudent.pl\/wp-content\/uploads\/2020\/11\/Dental-Tooth-Dentist-Dentistry-47-1.svg\" alt=\"\"><span style=\"font-style: inherit; font-weight: inherit;\">d\u0142o\u017ca kostnego oraz preferencje pacjenta. <br>Decyzja zostaje podj\u0119ta po szczeg\u00f3\u0142owej diagnostyce i wsp\u00f3lnym ustaleniu planu leczenia.<br>W ten spos\u00f3b pacjent&nbsp; r\u00f3wnie\u017c bierze odpowiedzialno\u015b\u0107 za powodzenie leczenia.<\/span><\/p>\t\t\t\t\t\t<\/div>\n\t\t\t\t<\/div>\n\t\t\t\t\t<\/div>\n\t\t<\/div>\n\t\t\t\t\t<\/div>\n\t\t<\/section>\n\t\t\t\t<\/div>\n\t\t","protected":false},"excerpt":{"rendered":"<p>Protetyka Polega na odbudowie z\u0119b\u00f3w lub ich brak\u00f3w pracami wykonanymi w pracowni protetycznej.&nbsp;Mog\u0105 to by\u0107:&#8211; odbudowy ruchome, takie jak klasyczne protezy akrylowe, czy bardziej zaawansowane protezy szkieletowe, &#8211; lub odbudowy sta\u0142e, czyli lic\u00f3wki, korony, mosty porcelanowe na z\u0119bach w\u0142asnych oraz korony i mosty na implantach. &nbsp; &nbsp; &nbsp; &nbsp; &nbsp; &nbsp; &nbsp; &nbsp; &nbsp;&nbsp; &nbsp; [&hellip;]<\/p>\n","protected":false},"author":1,"featured_media":0,"parent":9,"menu_order":0,"comment_status":"closed","ping_status":"closed","template":"elementor_header_footer","meta":{"footnotes":""},"_links":{"self":[{"href":"https:\/\/centrumstomatologiczne.atudent.pl\/index.php\/wp-json\/wp\/v2\/pages\/307"}],"collection":[{"href":"https:\/\/centrumstomatologiczne.atudent.pl\/index.php\/wp-json\/wp\/v2\/pages"}],"about":[{"href":"https:\/\/centrumstomatologiczne.atudent.pl\/index.php\/wp-json\/wp\/v2\/types\/page"}],"author":[{"embeddable":true,"href":"https:\/\/centrumstomatologiczne.atudent.pl\/index.php\/wp-json\/wp\/v2\/users\/1"}],"replies":[{"embeddable":true,"href":"https:\/\/centrumstomatologiczne.atudent.pl\/index.php\/wp-json\/wp\/v2\/comments?post=307"}],"version-history":[{"count":5,"href":"https:\/\/centrumstomatologiczne.atudent.pl\/index.php\/wp-json\/wp\/v2\/pages\/307\/revisions"}],"predecessor-version":[{"id":712,"href":"https:\/\/centrumstomatologiczne.atudent.pl\/index.php\/wp-json\/wp\/v2\/pages\/307\/revisions\/712"}],"up":[{"embeddable":true,"href":"https:\/\/centrumstomatologiczne.atudent.pl\/index.php\/wp-json\/wp\/v2\/pages\/9"}],"wp:attachment":[{"href":"https:\/\/centrumstomatologiczne.atudent.pl\/index.php\/wp-json\/wp\/v2\/media?parent=307"}],"curies":[{"name":"wp","href":"https:\/\/api.w.org\/{rel}","templated":true}]}}