{"id":309,"date":"2020-06-06T14:55:44","date_gmt":"2020-06-06T12:55:44","guid":{"rendered":"http:\/\/centrumstomatologiczne.atudent.pl\/?page_id=309"},"modified":"2021-01-03T22:12:50","modified_gmt":"2021-01-03T21:12:50","slug":"chirurgia","status":"publish","type":"page","link":"https:\/\/centrumstomatologiczne.atudent.pl\/index.php\/start\/chirurgia\/","title":{"rendered":"Chirurgia"},"content":{"rendered":"\t\t<div data-elementor-type=\"wp-page\" data-elementor-id=\"309\" class=\"elementor elementor-309\">\n\t\t\t\t\t\t<section class=\"elementor-section elementor-top-section elementor-element elementor-element-67b29a0 elementor-section-boxed elementor-section-height-default elementor-section-height-default\" data-id=\"67b29a0\" data-element_type=\"section\">\n\t\t\t\t\t\t<div class=\"elementor-container elementor-column-gap-default\">\n\t\t\t\t\t<div class=\"elementor-column elementor-col-100 elementor-top-column elementor-element elementor-element-153d2d4\" data-id=\"153d2d4\" data-element_type=\"column\">\n\t\t\t<div class=\"elementor-widget-wrap elementor-element-populated\">\n\t\t\t\t\t\t<div class=\"elementor-element elementor-element-1967114 elementor-widget elementor-widget-image\" data-id=\"1967114\" data-element_type=\"widget\" data-widget_type=\"image.default\">\n\t\t\t\t<div class=\"elementor-widget-container\">\n\t\t\t\t\t\t\t\t\t\t\t\t\t<img decoding=\"async\" src=\"https:\/\/centrumstomatologiczne.atudent.pl\/wp-content\/uploads\/2020\/11\/Dental-Tooth-Dentist-Dentistry-06.png\" title=\"Dental&#8212;Tooth&#8212;Dentist&#8212;Dentistry-06\" alt=\"Dental---Tooth---Dentist---Dentistry-06\" loading=\"lazy\" \/>\t\t\t\t\t\t\t\t\t\t\t\t\t<\/div>\n\t\t\t\t<\/div>\n\t\t\t\t<div class=\"elementor-element elementor-element-abc49b5 elementor-widget elementor-widget-heading\" data-id=\"abc49b5\" data-element_type=\"widget\" data-widget_type=\"heading.default\">\n\t\t\t\t<div class=\"elementor-widget-container\">\n\t\t\t<h1 class=\"elementor-heading-title elementor-size-default\">Chirurgia<\/h1>\t\t<\/div>\n\t\t\t\t<\/div>\n\t\t\t\t<div class=\"elementor-element elementor-element-cdab35d elementor-widget elementor-widget-text-editor\" data-id=\"cdab35d\" data-element_type=\"widget\" data-widget_type=\"text-editor.default\">\n\t\t\t\t<div class=\"elementor-widget-container\">\n\t\t\t\t\t\t\t<p>W zakres tej dziedziny wchodz\u0105 nie tylko ekstrakcje (usuwanie) z\u0119b\u00f3w, kt\u00f3rych nie mo\u017cemy ju\u017c uratowa\u0107, ale r\u00f3wnie\u017c zabiegi podci\u0119cia w\u0119dzide\u0142ka, usuwania niepokoj\u0105cych zmian na b\u0142. \u015bluzowej, pokrywanie recesji dzi\u0105s\u0142owych, zabiegi usuwania zatrzymanych &#8222;\u00f3semek&#8221;, zabiegi usuwania zawi\u0105zk\u00f3w z\u0119b\u00f3w nadliczbowych, zabiegi usuwania torbieli korzeniowych z resekcj\u0105 korzeni, wszczepianie implant\u00f3w, przygotowanie pod\u0142o\u017ca kostnego przed implantacj\u0105 &#8211; tzw. augmentacja, czyli regeneracja kostna.<\/p><p>Trudno wymieni\u0107 wszystkie rodzaje zabieg\u00f3w z zakresu chirurgii stomatologicznej, dlatego nawet tego nie czynimy.\u00a0<br \/>Tym bardziej, \u017ce w dobie internetu ka\u017cdy zainteresowany znajdzie dok\u0142adn\u0105 kwalifikacj\u0119 i opis zabiegu, kt\u00f3ry go interesuje<\/p><p><img decoding=\"async\" class=\" wp-image-587 alignright\" src=\"http:\/\/centrumstomatologiczne.atudent.pl\/wp-content\/uploads\/2020\/11\/Dental-Tooth-Dentist-Dentistry-21-1-300x300.png\" alt=\"\" width=\"157\" height=\"157\" srcset=\"https:\/\/centrumstomatologiczne.atudent.pl\/wp-content\/uploads\/2020\/11\/Dental-Tooth-Dentist-Dentistry-21-1-300x300.png 300w, https:\/\/centrumstomatologiczne.atudent.pl\/wp-content\/uploads\/2020\/11\/Dental-Tooth-Dentist-Dentistry-21-1-150x150.png 150w, https:\/\/centrumstomatologiczne.atudent.pl\/wp-content\/uploads\/2020\/11\/Dental-Tooth-Dentist-Dentistry-21-1.png 512w\" sizes=\"(max-width: 157px) 100vw, 157px\" \/>Aby jednak zweryfikowa\u0107 przypadek, kt\u00f3ry dotyczy poszczeg\u00f3lnego pacjenta i dobra\u0107 metod\u0119 leczenia chirurgicznego, potrzebna jest konsultacja. To ona pozwala om\u00f3wi\u0107 z pacjentem wszystkie mo\u017cliwe warianty leczenia i ustali\u0107 ostateczny plan leczenia.<\/p><p><img decoding=\"async\" class=\"wp-image-590 alignleft\" src=\"http:\/\/centrumstomatologiczne.atudent.pl\/wp-content\/uploads\/2020\/11\/Dental-Tooth-Dentist-Dentistry-24-1-300x300.png\" alt=\"\" width=\"139\" height=\"139\" srcset=\"https:\/\/centrumstomatologiczne.atudent.pl\/wp-content\/uploads\/2020\/11\/Dental-Tooth-Dentist-Dentistry-24-1-300x300.png 300w, https:\/\/centrumstomatologiczne.atudent.pl\/wp-content\/uploads\/2020\/11\/Dental-Tooth-Dentist-Dentistry-24-1-150x150.png 150w, https:\/\/centrumstomatologiczne.atudent.pl\/wp-content\/uploads\/2020\/11\/Dental-Tooth-Dentist-Dentistry-24-1.png 512w\" sizes=\"(max-width: 139px) 100vw, 139px\" \/><br \/><br \/>Wszystkie zabiegi chirurgiczne wykonywane s\u0105 z znieczuleniu miejscowym. Dbamy o zapewnienie maksymalnego komfortu oraz pe\u0142nej sterylno\u015bci zabieg\u00f3w.<\/p><p><span style=\"font-style: inherit; font-weight: inherit;\"><img fetchpriority=\"high\" decoding=\"async\" class=\"aligncenter wp-image-748 size-medium\" src=\"http:\/\/centrumstomatologiczne.atudent.pl\/wp-content\/uploads\/2021\/01\/ma\u0142y-zabieg-300x195.jpg\" alt=\"\" width=\"300\" height=\"195\" srcset=\"https:\/\/centrumstomatologiczne.atudent.pl\/wp-content\/uploads\/2021\/01\/ma\u0142y-zabieg-300x195.jpg 300w, https:\/\/centrumstomatologiczne.atudent.pl\/wp-content\/uploads\/2021\/01\/ma\u0142y-zabieg-1024x667.jpg 1024w, https:\/\/centrumstomatologiczne.atudent.pl\/wp-content\/uploads\/2021\/01\/ma\u0142y-zabieg-768x500.jpg 768w, https:\/\/centrumstomatologiczne.atudent.pl\/wp-content\/uploads\/2021\/01\/ma\u0142y-zabieg-1536x1000.jpg 1536w, https:\/\/centrumstomatologiczne.atudent.pl\/wp-content\/uploads\/2021\/01\/ma\u0142y-zabieg.jpg 1917w\" sizes=\"(max-width: 300px) 100vw, 300px\" \/><br \/>Bardzo wa\u017cnym czynnikiem zapewniaj\u0105cym powodzenie leczenia jest stosowanie prawid\u0142owej piel\u0119gnacji pozabiegowej.<br \/><\/span><span style=\"font-style: inherit; font-weight: inherit;\">Dlatego podaj\u0119 zasady, kt\u00f3re bardzo pomagaj\u0105 pacjentom wspom\u00f3c proces gojenia.<\/span><\/p>\t\t\t\t\t\t<\/div>\n\t\t\t\t<\/div>\n\t\t\t\t\t<\/div>\n\t\t<\/div>\n\t\t\t\t\t<\/div>\n\t\t<\/section>\n\t\t\t\t<section class=\"elementor-section elementor-top-section elementor-element elementor-element-e32cc7a elementor-section-boxed elementor-section-height-default elementor-section-height-default\" data-id=\"e32cc7a\" data-element_type=\"section\">\n\t\t\t\t\t\t<div class=\"elementor-container elementor-column-gap-default\">\n\t\t\t\t\t<div class=\"elementor-column elementor-col-100 elementor-top-column elementor-element elementor-element-bb3f58b\" data-id=\"bb3f58b\" data-element_type=\"column\">\n\t\t\t<div class=\"elementor-widget-wrap elementor-element-populated\">\n\t\t\t\t\t\t<div class=\"elementor-element elementor-element-f2025a5 elementor-widget elementor-widget-heading\" data-id=\"f2025a5\" data-element_type=\"widget\" data-widget_type=\"heading.default\">\n\t\t\t\t<div class=\"elementor-widget-container\">\n\t\t\t<h4 class=\"elementor-heading-title elementor-size-default\">Zalecenia po ekstrakcji<\/h4>\t\t<\/div>\n\t\t\t\t<\/div>\n\t\t\t\t<div class=\"elementor-element elementor-element-d3a9057 elementor-widget elementor-widget-text-editor\" data-id=\"d3a9057\" data-element_type=\"widget\" data-widget_type=\"text-editor.default\">\n\t\t\t\t<div class=\"elementor-widget-container\">\n\t\t\t\t\t\t\t<p>\u00a0 \u00a0 \u00a0 \u00a0 <img loading=\"lazy\" decoding=\"async\" class=\"alignnone wp-image-447\" src=\"http:\/\/centrumstomatologiczne.atudent.pl\/wp-content\/uploads\/2020\/11\/Dental-Tooth-Dentist-Dentistry-43-300x300.png\" alt=\"\" width=\"172\" height=\"172\" srcset=\"https:\/\/centrumstomatologiczne.atudent.pl\/wp-content\/uploads\/2020\/11\/Dental-Tooth-Dentist-Dentistry-43-300x300.png 300w, https:\/\/centrumstomatologiczne.atudent.pl\/wp-content\/uploads\/2020\/11\/Dental-Tooth-Dentist-Dentistry-43-150x150.png 150w, https:\/\/centrumstomatologiczne.atudent.pl\/wp-content\/uploads\/2020\/11\/Dental-Tooth-Dentist-Dentistry-43.png 512w\" sizes=\"(max-width: 172px) 100vw, 172px\" \/>Aby pacjent spa\u0142 spokojnie:<\/p><ul><li>tampon nale\u017cy trzyma\u0107 zagryziony 30 min,<\/li><li>je\u015b\u0107 mo\u017cna po dw\u00f3ch godzinach,<\/li><li>nale\u017cy wstrzyma\u0107 si\u0119 od p\u0142ukanek\u00a0 przez co najmniej dwa dni aby unikn\u0105\u0107 utraty skrzepu &#8211; stosuje si\u0119 tylko kompresy na ran\u0119.<\/li><li>przygotowa\u0107 ch\u0142odny napar z sza\u0142wii do stosowania ok\u0142ad\u00f3w na ran\u0119 (gazik nas\u0105czony sza\u0142wi\u0105 \u2013 kompres),<\/li><li>zastosowa\u0107 ok\u0142ad z lodu na policzek,<\/li><li>dieta powinna by\u0107 p\u0142ynna lub p\u00f3\u0142p\u0142ynna w pierwszych dw\u00f3ch dobach,<\/li><li>nale\u017cy unika\u0107 \u017cucia po stronie rany poekstrakcyjnej,<\/li><li>z\u0119by nale\u017cy my\u0107 normalnie, ale szczotkowa\u0107 i p\u0142uka\u0107 bardzo delikatnie,<\/li><li>nale\u017cy unika\u0107 nadmiernego wysi\u0142ku fizycznego przez co najmniej\u00a0 dwa dni,<\/li><li>prosz\u0119 wstrzyma\u0107 si\u0119 od pobytu w solarium i p\u0142ywania na basenie dop\u00f3ki rana nie zacznie si\u0119 wygaja\u0107.<\/li><\/ul>\t\t\t\t\t\t<\/div>\n\t\t\t\t<\/div>\n\t\t\t\t\t<\/div>\n\t\t<\/div>\n\t\t\t\t\t<\/div>\n\t\t<\/section>\n\t\t\t\t<section class=\"elementor-section elementor-top-section elementor-element elementor-element-59fd42e elementor-section-boxed elementor-section-height-default elementor-section-height-default\" data-id=\"59fd42e\" data-element_type=\"section\">\n\t\t\t\t\t\t<div class=\"elementor-container elementor-column-gap-default\">\n\t\t\t\t\t<div class=\"elementor-column elementor-col-100 elementor-top-column elementor-element elementor-element-403b528\" data-id=\"403b528\" data-element_type=\"column\">\n\t\t\t<div class=\"elementor-widget-wrap elementor-element-populated\">\n\t\t\t\t\t\t<div class=\"elementor-element elementor-element-f13b038 elementor-widget elementor-widget-heading\" data-id=\"f13b038\" data-element_type=\"widget\" data-widget_type=\"heading.default\">\n\t\t\t\t<div class=\"elementor-widget-container\">\n\t\t\t<h4 class=\"elementor-heading-title elementor-size-default\">Po zabiegu operacyjnym<\/h4>\t\t<\/div>\n\t\t\t\t<\/div>\n\t\t\t\t<div class=\"elementor-element elementor-element-749acc1 elementor-widget elementor-widget-text-editor\" data-id=\"749acc1\" data-element_type=\"widget\" data-widget_type=\"text-editor.default\">\n\t\t\t\t<div class=\"elementor-widget-container\">\n\t\t\t\t\t\t\t<p><img loading=\"lazy\" decoding=\"async\" class=\"alignnone  wp-image-591\" src=\"http:\/\/centrumstomatologiczne.atudent.pl\/wp-content\/uploads\/2020\/11\/Dental-Tooth-Dentist-Dentistry-25-1-300x300.png\" alt=\"\" width=\"114\" height=\"114\" srcset=\"https:\/\/centrumstomatologiczne.atudent.pl\/wp-content\/uploads\/2020\/11\/Dental-Tooth-Dentist-Dentistry-25-1-300x300.png 300w, https:\/\/centrumstomatologiczne.atudent.pl\/wp-content\/uploads\/2020\/11\/Dental-Tooth-Dentist-Dentistry-25-1-150x150.png 150w, https:\/\/centrumstomatologiczne.atudent.pl\/wp-content\/uploads\/2020\/11\/Dental-Tooth-Dentist-Dentistry-25-1.png 512w\" sizes=\"(max-width: 114px) 100vw, 114px\" \/> Aby lekarz spa\u0142 spokojnie:<\/p><ul><li>przed zbiegiem nale\u017cy dostosowa\u0107 si\u0119 do zalece\u0144 lekarza,\u00a0 kt\u00f3ry planuje os\u0142on\u0119 przeciwbakteryjn\u0105, przeciwobrz\u0119kow\u0105 i\u00a0 przeciwb\u00f3low\u0105,<\/li><li>preparaty nale\u017cy za\u017cywa\u0107 zgodnie z\u00a0 rozpisanym planem dawek, kt\u00f3ry pacjent otrzymuje wcze\u015bniej przed zabiegiem,<\/li><li>nale\u017cy pami\u0119ta\u0107 aby unika\u0107 wysi\u0142ku fizycznego oraz nie napina\u0107 zbyt mocno mi\u0119\u015bni twarzy, bo mo\u017ce to spowodowa\u0107 zerwanie szw\u00f3w za\u0142o\u017conych na ran\u0119,<\/li><li>nale\u017cy zg\u0142asza\u0107 si\u0119 na wyznaczone wizyty kontrolne,<\/li><li>za\u0142o\u017cone szwy usuwa si\u0119 po 7 lub 10 dniach \u2013 zale\u017cy to od rodzaju zabiegu.<\/li><li>ponadto zastosowanie maj\u0105 wszystkie zalecenia, kt\u00f3re wymieniono po ekstrakcji.<\/li><\/ul>\t\t\t\t\t\t<\/div>\n\t\t\t\t<\/div>\n\t\t\t\t\t<\/div>\n\t\t<\/div>\n\t\t\t\t\t<\/div>\n\t\t<\/section>\n\t\t\t\t<\/div>\n\t\t","protected":false},"excerpt":{"rendered":"<p>Chirurgia W zakres tej dziedziny wchodz\u0105 nie tylko ekstrakcje (usuwanie) z\u0119b\u00f3w, kt\u00f3rych nie mo\u017cemy ju\u017c uratowa\u0107, ale r\u00f3wnie\u017c zabiegi podci\u0119cia w\u0119dzide\u0142ka, usuwania niepokoj\u0105cych zmian na b\u0142. \u015bluzowej, pokrywanie recesji dzi\u0105s\u0142owych, zabiegi usuwania zatrzymanych &#8222;\u00f3semek&#8221;, zabiegi usuwania zawi\u0105zk\u00f3w z\u0119b\u00f3w nadliczbowych, zabiegi usuwania torbieli korzeniowych z resekcj\u0105 korzeni, wszczepianie implant\u00f3w, przygotowanie pod\u0142o\u017ca kostnego przed implantacj\u0105 &#8211; tzw. [&hellip;]<\/p>\n","protected":false},"author":1,"featured_media":0,"parent":9,"menu_order":0,"comment_status":"closed","ping_status":"closed","template":"elementor_header_footer","meta":{"footnotes":""},"_links":{"self":[{"href":"https:\/\/centrumstomatologiczne.atudent.pl\/index.php\/wp-json\/wp\/v2\/pages\/309"}],"collection":[{"href":"https:\/\/centrumstomatologiczne.atudent.pl\/index.php\/wp-json\/wp\/v2\/pages"}],"about":[{"href":"https:\/\/centrumstomatologiczne.atudent.pl\/index.php\/wp-json\/wp\/v2\/types\/page"}],"author":[{"embeddable":true,"href":"https:\/\/centrumstomatologiczne.atudent.pl\/index.php\/wp-json\/wp\/v2\/users\/1"}],"replies":[{"embeddable":true,"href":"https:\/\/centrumstomatologiczne.atudent.pl\/index.php\/wp-json\/wp\/v2\/comments?post=309"}],"version-history":[{"count":13,"href":"https:\/\/centrumstomatologiczne.atudent.pl\/index.php\/wp-json\/wp\/v2\/pages\/309\/revisions"}],"predecessor-version":[{"id":749,"href":"https:\/\/centrumstomatologiczne.atudent.pl\/index.php\/wp-json\/wp\/v2\/pages\/309\/revisions\/749"}],"up":[{"embeddable":true,"href":"https:\/\/centrumstomatologiczne.atudent.pl\/index.php\/wp-json\/wp\/v2\/pages\/9"}],"wp:attachment":[{"href":"https:\/\/centrumstomatologiczne.atudent.pl\/index.php\/wp-json\/wp\/v2\/media?parent=309"}],"curies":[{"name":"wp","href":"https:\/\/api.w.org\/{rel}","templated":true}]}}